{"id":647,"date":"2024-05-13T09:35:58","date_gmt":"2024-05-13T13:35:58","guid":{"rendered":"https:\/\/unicentral.com.br\/new2024\/?page_id=647"},"modified":"2024-05-13T09:41:33","modified_gmt":"2024-05-13T13:41:33","slug":"missao-visao-e-valores","status":"publish","type":"page","link":"https:\/\/unicentral.com.br\/new2024\/missao-visao-e-valores\/","title":{"rendered":"Miss\u00e3o, Vis\u00e3o e Valores"},"content":{"rendered":"\t\t<div data-elementor-type=\"wp-page\" data-elementor-id=\"647\" class=\"elementor elementor-647\" data-elementor-post-type=\"page\">\n\t\t\t\t<div class=\"elementor-element elementor-element-62783c3 e-flex e-con-boxed e-con e-parent\" data-id=\"62783c3\" data-element_type=\"container\" data-e-type=\"container\">\n\t\t\t\t\t<div class=\"e-con-inner\">\n\t\t\t\t<div class=\"elementor-element elementor-element-9eb6d95 elementor-tabs-view-horizontal elementor-widget elementor-widget-tabs\" data-id=\"9eb6d95\" data-element_type=\"widget\" data-e-type=\"widget\" data-widget_type=\"tabs.default\">\n\t\t\t\t\t\t\t<div class=\"elementor-tabs\">\n\t\t\t<div class=\"elementor-tabs-wrapper\" role=\"tablist\" >\n\t\t\t\t\t\t\t\t\t<div id=\"elementor-tab-title-1661\" class=\"elementor-tab-title elementor-tab-desktop-title\" aria-selected=\"true\" data-tab=\"1\" role=\"tab\" tabindex=\"0\" aria-controls=\"elementor-tab-content-1661\" aria-expanded=\"false\">Miss\u00e3o<\/div>\n\t\t\t\t\t\t\t\t\t<div id=\"elementor-tab-title-1662\" class=\"elementor-tab-title elementor-tab-desktop-title\" aria-selected=\"false\" data-tab=\"2\" role=\"tab\" tabindex=\"-1\" aria-controls=\"elementor-tab-content-1662\" aria-expanded=\"false\">Vis\u00e3o<\/div>\n\t\t\t\t\t\t\t\t\t<div id=\"elementor-tab-title-1663\" class=\"elementor-tab-title elementor-tab-desktop-title\" aria-selected=\"false\" data-tab=\"3\" role=\"tab\" tabindex=\"-1\" aria-controls=\"elementor-tab-content-1663\" aria-expanded=\"false\">Valores<\/div>\n\t\t\t\t\t\t\t<\/div>\n\t\t\t<div class=\"elementor-tabs-content-wrapper\" role=\"tablist\" aria-orientation=\"vertical\">\n\t\t\t\t\t\t\t\t\t<div class=\"elementor-tab-title elementor-tab-mobile-title\" aria-selected=\"true\" data-tab=\"1\" role=\"tab\" tabindex=\"0\" aria-controls=\"elementor-tab-content-1661\" aria-expanded=\"false\">Miss\u00e3o<\/div>\n\t\t\t\t\t<div id=\"elementor-tab-content-1661\" class=\"elementor-tab-content elementor-clearfix\" data-tab=\"1\" role=\"tabpanel\" aria-labelledby=\"elementor-tab-title-1661\" tabindex=\"0\" hidden=\"false\"><p>Nossa Miss\u00e3o Institucional \u00e9: <br \/>\u201cPromover cursos de n\u00edvel superior e p\u00f3s-gradua\u00e7\u00e3o que respondam a crit\u00e9rios de excel\u00eancia e \u00e0 necessidade social atrav\u00e9s do ensino, inicia\u00e7\u00e3o cient\u00edfica e extens\u00e3o. Ser um importante elo entre a comunidade e o saber, propiciar aos acad\u00eamicos e popula\u00e7\u00e3o a constru\u00e7\u00e3o do conhecimento e transforma\u00e7\u00e3o social atrav\u00e9s do indiv\u00edduo\u201d.<\/p><\/div>\n\t\t\t\t\t\t\t\t\t<div class=\"elementor-tab-title elementor-tab-mobile-title\" aria-selected=\"false\" data-tab=\"2\" role=\"tab\" tabindex=\"-1\" aria-controls=\"elementor-tab-content-1662\" aria-expanded=\"false\">Vis\u00e3o<\/div>\n\t\t\t\t\t<div id=\"elementor-tab-content-1662\" class=\"elementor-tab-content elementor-clearfix\" data-tab=\"2\" role=\"tabpanel\" aria-labelledby=\"elementor-tab-title-1662\" tabindex=\"0\" hidden=\"hidden\"><p>Nossa Vis\u00e3o<br \/>A vis\u00e3o constitui-se no futuro desejado pela Institui\u00e7\u00e3o, com base em um horizonte temporal onde v\u00e3o ocorrer os esfor\u00e7os individuais, das equipes e o delineamento de recursos aplicados ao desenvolvimento dos objetivos da Institui\u00e7\u00e3o e nesse contexto, a Vis\u00e3o da Faculdade Unicentral \u00e9: <br \/>\u201cSer refer\u00eancia em educa\u00e7\u00e3o de forma humanizada, reconhecida como a melhor na qualidade dos servi\u00e7os prestados onde atua, formando os melhores profissionais e proporcionando conhecimento a comunidade\u201d.<\/p><\/div>\n\t\t\t\t\t\t\t\t\t<div class=\"elementor-tab-title elementor-tab-mobile-title\" aria-selected=\"false\" data-tab=\"3\" role=\"tab\" tabindex=\"-1\" aria-controls=\"elementor-tab-content-1663\" aria-expanded=\"false\">Valores<\/div>\n\t\t\t\t\t<div id=\"elementor-tab-content-1663\" class=\"elementor-tab-content elementor-clearfix\" data-tab=\"3\" role=\"tabpanel\" aria-labelledby=\"elementor-tab-title-1663\" tabindex=\"0\" hidden=\"hidden\"><p>Valores Institucionais<br \/>a) Respeito as pessoas, aos costumes e necessidades regionais;<br \/>b) Comprometimento com a comunidade acad\u00eamica e sociedade;<br \/>c) Pr\u00e1tica inovadora na sua atua\u00e7\u00e3o;<br \/>d) \u00c9tica e Responsabilidade;<br \/>e) Retorno sustent\u00e1vel para investidores, colaboradores e parceiros;<br \/>f) Ambiente de trabalho harm\u00f4nico com gest\u00e3o participativa e busca de solu\u00e7\u00f5es conjuntas.<\/p><\/div>\n\t\t\t\t\t\t\t<\/div>\n\t\t<\/div>\n\t\t\t\t\t\t<\/div>\n\t\t\t\t\t<\/div>\n\t\t\t\t<\/div>\n\t\t\t\t<\/div>\n\t\t","protected":false},"excerpt":{"rendered":"<p>Miss\u00e3o Vis\u00e3o Valores Miss\u00e3o Nossa Miss\u00e3o Institucional \u00e9: \u201cPromover cursos de n\u00edvel superior e p\u00f3s-gradua\u00e7\u00e3o que respondam a crit\u00e9rios de excel\u00eancia e \u00e0 necessidade social atrav\u00e9s do ensino, inicia\u00e7\u00e3o cient\u00edfica e extens\u00e3o. Ser um importante elo entre a comunidade e o saber, propiciar aos acad\u00eamicos e popula\u00e7\u00e3o a constru\u00e7\u00e3o do conhecimento e transforma\u00e7\u00e3o social atrav\u00e9s [&hellip;]<\/p>\n","protected":false},"author":1,"featured_media":0,"parent":0,"menu_order":0,"comment_status":"closed","ping_status":"closed","template":"","meta":{"footnotes":""},"class_list":["post-647","page","type-page","status-publish","hentry"],"_links":{"self":[{"href":"https:\/\/unicentral.com.br\/new2024\/wp-json\/wp\/v2\/pages\/647","targetHints":{"allow":["GET"]}}],"collection":[{"href":"https:\/\/unicentral.com.br\/new2024\/wp-json\/wp\/v2\/pages"}],"about":[{"href":"https:\/\/unicentral.com.br\/new2024\/wp-json\/wp\/v2\/types\/page"}],"author":[{"embeddable":true,"href":"https:\/\/unicentral.com.br\/new2024\/wp-json\/wp\/v2\/users\/1"}],"replies":[{"embeddable":true,"href":"https:\/\/unicentral.com.br\/new2024\/wp-json\/wp\/v2\/comments?post=647"}],"version-history":[{"count":4,"href":"https:\/\/unicentral.com.br\/new2024\/wp-json\/wp\/v2\/pages\/647\/revisions"}],"predecessor-version":[{"id":652,"href":"https:\/\/unicentral.com.br\/new2024\/wp-json\/wp\/v2\/pages\/647\/revisions\/652"}],"wp:attachment":[{"href":"https:\/\/unicentral.com.br\/new2024\/wp-json\/wp\/v2\/media?parent=647"}],"curies":[{"name":"wp","href":"https:\/\/api.w.org\/{rel}","templated":true}]}}