{"id":272,"date":"2024-02-20T15:38:53","date_gmt":"2024-02-20T18:38:53","guid":{"rendered":"https:\/\/unicentral.com.br\/new2024\/?page_id=272"},"modified":"2026-02-20T19:15:09","modified_gmt":"2026-02-20T23:15:09","slug":"institucional","status":"publish","type":"page","link":"https:\/\/unicentral.com.br\/new2024\/institucional\/","title":{"rendered":"Institucional"},"content":{"rendered":"\t\t<div data-elementor-type=\"wp-page\" data-elementor-id=\"272\" class=\"elementor elementor-272\" data-elementor-post-type=\"page\">\n\t\t\t\t<div class=\"elementor-element elementor-element-d994376 e-flex e-con-boxed e-con e-parent\" data-id=\"d994376\" data-element_type=\"container\" data-e-type=\"container\">\n\t\t\t\t\t<div class=\"e-con-inner\">\n\t\t\t\t<div class=\"elementor-element elementor-element-aeaa5b8 elementor-tabs-view-horizontal elementor-widget elementor-widget-tabs\" data-id=\"aeaa5b8\" data-element_type=\"widget\" data-e-type=\"widget\" data-widget_type=\"tabs.default\">\n\t\t\t\t\t\t\t<div class=\"elementor-tabs\">\n\t\t\t<div class=\"elementor-tabs-wrapper\" role=\"tablist\" >\n\t\t\t\t\t\t\t\t\t<div id=\"elementor-tab-title-1831\" class=\"elementor-tab-title elementor-tab-desktop-title\" aria-selected=\"true\" data-tab=\"1\" role=\"tab\" tabindex=\"0\" aria-controls=\"elementor-tab-content-1831\" aria-expanded=\"false\">Regimento Interno<\/div>\n\t\t\t\t\t\t\t\t\t<div id=\"elementor-tab-title-1832\" class=\"elementor-tab-title elementor-tab-desktop-title\" aria-selected=\"false\" data-tab=\"2\" role=\"tab\" tabindex=\"-1\" aria-controls=\"elementor-tab-content-1832\" aria-expanded=\"false\">PDI <\/div>\n\t\t\t\t\t\t\t\t\t<div id=\"elementor-tab-title-1833\" class=\"elementor-tab-title elementor-tab-desktop-title\" aria-selected=\"false\" data-tab=\"3\" role=\"tab\" tabindex=\"-1\" aria-controls=\"elementor-tab-content-1833\" aria-expanded=\"false\">Relat\u00f3rios CPA<\/div>\n\t\t\t\t\t\t\t\t\t<div id=\"elementor-tab-title-1834\" class=\"elementor-tab-title elementor-tab-desktop-title\" aria-selected=\"false\" data-tab=\"4\" role=\"tab\" tabindex=\"-1\" aria-controls=\"elementor-tab-content-1834\" aria-expanded=\"false\">Requisitos Legais <\/div>\n\t\t\t\t\t\t\t\t\t<div id=\"elementor-tab-title-1835\" class=\"elementor-tab-title elementor-tab-desktop-title\" aria-selected=\"false\" data-tab=\"5\" role=\"tab\" tabindex=\"-1\" aria-controls=\"elementor-tab-content-1835\" aria-expanded=\"false\">Manual Acad\u00eamico<\/div>\n\t\t\t\t\t\t\t\t\t<div id=\"elementor-tab-title-1836\" class=\"elementor-tab-title elementor-tab-desktop-title\" aria-selected=\"false\" data-tab=\"6\" role=\"tab\" tabindex=\"-1\" aria-controls=\"elementor-tab-content-1836\" aria-expanded=\"false\">Produ\u00e7\u00e3o Acad\u00eamica<\/div>\n\t\t\t\t\t\t\t\t\t<div id=\"elementor-tab-title-1837\" class=\"elementor-tab-title elementor-tab-desktop-title\" aria-selected=\"false\" data-tab=\"7\" role=\"tab\" tabindex=\"-1\" aria-controls=\"elementor-tab-content-1837\" aria-expanded=\"false\">Semin\u00e1rio Acad\u00eamico<\/div>\n\t\t\t\t\t\t\t<\/div>\n\t\t\t<div class=\"elementor-tabs-content-wrapper\" role=\"tablist\" aria-orientation=\"vertical\">\n\t\t\t\t\t\t\t\t\t<div class=\"elementor-tab-title elementor-tab-mobile-title\" aria-selected=\"true\" data-tab=\"1\" role=\"tab\" tabindex=\"0\" aria-controls=\"elementor-tab-content-1831\" aria-expanded=\"false\">Regimento Interno<\/div>\n\t\t\t\t\t<div id=\"elementor-tab-content-1831\" class=\"elementor-tab-content elementor-clearfix\" data-tab=\"1\" role=\"tabpanel\" aria-labelledby=\"elementor-tab-title-1831\" tabindex=\"0\" hidden=\"false\"><p><a href=\"https:\/\/unicentral.com.br\/new2024\/wp-content\/uploads\/2024\/04\/Informacoes-Cursos-Requisitos-Legais-2024-attt.pdf\"><button>Regimento Interno Unicentral<\/button><\/a><\/p><\/div>\n\t\t\t\t\t\t\t\t\t<div class=\"elementor-tab-title elementor-tab-mobile-title\" aria-selected=\"false\" data-tab=\"2\" role=\"tab\" tabindex=\"-1\" aria-controls=\"elementor-tab-content-1832\" aria-expanded=\"false\">PDI <\/div>\n\t\t\t\t\t<div id=\"elementor-tab-content-1832\" class=\"elementor-tab-content elementor-clearfix\" data-tab=\"2\" role=\"tabpanel\" aria-labelledby=\"elementor-tab-title-1832\" tabindex=\"0\" hidden=\"hidden\"><p><a href=\"https:\/\/unicentral.com.br\/new2024\/wp-content\/uploads\/2024\/02\/PDI-Unicentral-2020-2024.pdf\"><button>PDI Unicentral<\/button><\/a><\/p><\/div>\n\t\t\t\t\t\t\t\t\t<div class=\"elementor-tab-title elementor-tab-mobile-title\" aria-selected=\"false\" data-tab=\"3\" role=\"tab\" tabindex=\"-1\" aria-controls=\"elementor-tab-content-1833\" aria-expanded=\"false\">Relat\u00f3rios CPA<\/div>\n\t\t\t\t\t<div id=\"elementor-tab-content-1833\" class=\"elementor-tab-content elementor-clearfix\" data-tab=\"3\" role=\"tabpanel\" aria-labelledby=\"elementor-tab-title-1833\" tabindex=\"0\" hidden=\"hidden\"><p>COMISS\u00c3O PR\u00d3PRIA DE (AUTO) AVALIA\u00c7\u00c3O (CPA)<br \/>\u00c0 Comiss\u00e3o Pr\u00f3pria de Avalia\u00e7\u00e3o (CPA) caber\u00e1 o assessoramento e acompanhamento da execu\u00e7\u00e3o da Pol\u00edtica de Avalia\u00e7\u00e3o Institucional.<\/p><p>MISS\u00c3O DA CPA D FACULDADE UNICENTRAL<br \/>Conduzir e monitorar o processo de avalia\u00e7\u00e3o institucional, constru\u00eddo coletivamente, subsidiando de modo pleno a gest\u00e3o institucional em suas dimens\u00f5es pol\u00edticas, acad\u00eamicas e administrativas, rumo \u00e0 potencializa\u00e7\u00e3o e desenvolvimento do seu desempenho.<br \/>OBJETIVO GERAL<br \/>Construir institucionalmente a cultura avaliativa e o autoconhecimento sobre a Faculdade Unicentral, atrav\u00e9s do levantamento de dados, cen\u00e1rios e perspectivas que permitam o aperfei\u00e7oamento das condi\u00e7\u00f5es de ensino, inicia\u00e7\u00e3o cient\u00edfica e extens\u00e3o, dos processos administrativos e burocr\u00e1ticos e, ainda, de conviv\u00eancia institucional e de relacionamento com a comunidade em geral.<\/p><p>OBJETIVOS ESPEC\u00cdFICOS<br \/>Realizar autoavalia\u00e7\u00e3o institucional visando;<br \/>1. Construir e estimular a ado\u00e7\u00e3o de uma postura de autocr\u00edtica da comunidade acad\u00eamica.<br \/>2. Diagnosticar a inter-rela\u00e7\u00e3o formal estabelecida no \u00e2mbito do ensino da inicia\u00e7\u00e3o cient\u00edfica e da extens\u00e3o entre Plano de Desenvolvimento Institucional, Projeto Pedag\u00f3gico Institucional e Projeto Pedag\u00f3gico dos Cursos. <br \/>3. Diagnosticar as reais condi\u00e7\u00f5es proposi\u00e7\u00e3o e realiza\u00e7\u00e3o das atividades de ensino, inicia\u00e7\u00e3o cient\u00edfica, extens\u00e3o.<br \/>4. Diagnosticar a inter-rela\u00e7\u00e3o formal estabelecida no \u00e2mbito da miss\u00e3o institucional entre Plano de Desenvolvimento Institucional, Projeto Pedag\u00f3gico Institucional e Projeto Pedag\u00f3gico dos Cursos e as rela\u00e7\u00f5es e compromissos formalmente estabelecidas com a comunidade em geral.<br \/>5. Diagnosticar o real relacionamento estabelecido em Faculdade Unicentral e comunidade. <br \/>6. Estudar, e espelhar as pr\u00e1ticas administrativas e financeiras, seus processos e sua a\u00e7\u00e3o sobre o planejamento institucional.<br \/>7. Responder as demandas das comiss\u00f5es externas de avalia\u00e7\u00e3o, no contexto do SINAES.<br \/>8. Produzir conhecimentos e resultados que permitam apoiar a melhoria qualitativa e quantitativa do conjunto institucional em dire\u00e7\u00e3o a realiza\u00e7\u00e3o de sua miss\u00e3o, suas metas e objetivos.<\/p><p><a href=\"https:\/\/unicentral.com.br\/new2024\/wp-content\/uploads\/2024\/03\/Relatorio-CPA-2020.pdf\">RELAT\u00d3RIO DA CPA 2020 Unicentral<\/a><\/p><p><a href=\"https:\/\/unicentral.com.br\/new2024\/wp-content\/uploads\/2024\/03\/Relatorio-CPA-2021.pdf\">RELAT\u00d3RIO DA CPA 2021 Unicentral<\/a><\/p><p><a href=\"https:\/\/unicentral.com.br\/new2024\/wp-content\/uploads\/2024\/03\/RELATORIO-DA-CPA-2022-Unicentral.pdf\">RELATORIO DA CPA 2022 Unicentral<\/a><\/p><p><a href=\"https:\/\/unicentral.com.br\/new2024\/wp-content\/uploads\/2024\/03\/RELATORIO-DA-CPA-2023-Unicentral.pdf\">RELATORIO DA CPA 2023 Unicentral<\/a><\/p><p><a href=\"https:\/\/unicentral.com.br\/new2024\/wp-content\/uploads\/2026\/02\/RELATORIO-DA-CPA-2024-Unicentral-1.pdf\">RELATORIO DA CPA 2024 Unicentral<\/a><\/p><p>\u00a0<\/p><\/div>\n\t\t\t\t\t\t\t\t\t<div class=\"elementor-tab-title elementor-tab-mobile-title\" aria-selected=\"false\" data-tab=\"4\" role=\"tab\" tabindex=\"-1\" aria-controls=\"elementor-tab-content-1834\" aria-expanded=\"false\">Requisitos Legais <\/div>\n\t\t\t\t\t<div id=\"elementor-tab-content-1834\" class=\"elementor-tab-content elementor-clearfix\" data-tab=\"4\" role=\"tabpanel\" aria-labelledby=\"elementor-tab-title-1834\" tabindex=\"0\" hidden=\"hidden\"><p><a href=\"https:\/\/unicentral.com.br\/new2024\/wp-content\/uploads\/2024\/05\/Requisitos-Legais_Cursos.pdf\"><button>Requis\u00edtos Legais<\/button><\/a><\/p><\/div>\n\t\t\t\t\t\t\t\t\t<div class=\"elementor-tab-title elementor-tab-mobile-title\" aria-selected=\"false\" data-tab=\"5\" role=\"tab\" tabindex=\"-1\" aria-controls=\"elementor-tab-content-1835\" aria-expanded=\"false\">Manual Acad\u00eamico<\/div>\n\t\t\t\t\t<div id=\"elementor-tab-content-1835\" class=\"elementor-tab-content elementor-clearfix\" data-tab=\"5\" role=\"tabpanel\" aria-labelledby=\"elementor-tab-title-1835\" tabindex=\"0\" hidden=\"hidden\"><p><a href=\"https:\/\/unicentral.com.br\/new2024\/wp-content\/uploads\/2024\/04\/Manual-do-academico-3.pdf\"><button>Manual Acad\u00eamico<\/button><\/a><\/p><\/div>\n\t\t\t\t\t\t\t\t\t<div class=\"elementor-tab-title elementor-tab-mobile-title\" aria-selected=\"false\" data-tab=\"6\" role=\"tab\" tabindex=\"-1\" aria-controls=\"elementor-tab-content-1836\" aria-expanded=\"false\">Produ\u00e7\u00e3o Acad\u00eamica<\/div>\n\t\t\t\t\t<div id=\"elementor-tab-content-1836\" class=\"elementor-tab-content elementor-clearfix\" data-tab=\"6\" role=\"tabpanel\" aria-labelledby=\"elementor-tab-title-1836\" tabindex=\"0\" hidden=\"hidden\"><p><a href=\"https:\/\/estudo33.meusitenouol.com.br\/edi%C3%A7%C3%B5es-anteriores\">https:\/\/estudo33.meusitenouol.com.br\/edi%C3%A7%C3%B5es-anteriores<\/a><\/p><p><a href=\"https:\/\/estudo33.meusitenouol.com.br\/atual\">https:\/\/estudo33.meusitenouol.com.br\/atual<\/a><\/p><\/div>\n\t\t\t\t\t\t\t\t\t<div class=\"elementor-tab-title elementor-tab-mobile-title\" aria-selected=\"false\" data-tab=\"7\" role=\"tab\" tabindex=\"-1\" aria-controls=\"elementor-tab-content-1837\" aria-expanded=\"false\">Semin\u00e1rio Acad\u00eamico<\/div>\n\t\t\t\t\t<div id=\"elementor-tab-content-1837\" class=\"elementor-tab-content elementor-clearfix\" data-tab=\"7\" role=\"tabpanel\" aria-labelledby=\"elementor-tab-title-1837\" tabindex=\"0\" hidden=\"hidden\"><p><strong>1\u00ba DIA: <a href=\"https:\/\/www.instagram.com\/p\/DQwkHLykaqR\/\">https:\/\/www.instagram.com\/p\/DQwkHLykaqR\/<\/a> <\/strong><\/p><p><strong>2\u00ba DIA: <a href=\"https:\/\/www.instagram.com\/p\/DQy6H2CkZxl\/\">https:\/\/www.instagram.com\/p\/DQy6H2CkZxl\/<\/a> <\/strong><\/p><p><strong>3\u00ba DIA: <a href=\"https:\/\/www.instagram.com\/p\/DRAj4uhkVFV\/\">https:\/\/www.instagram.com\/p\/DRAj4uhkVFV\/<\/a> <\/strong><\/p><\/div>\n\t\t\t\t\t\t\t<\/div>\n\t\t<\/div>\n\t\t\t\t\t\t<\/div>\n\t\t\t\t\t<\/div>\n\t\t\t\t<\/div>\n\t\t<div class=\"elementor-element elementor-element-85acfb4 e-flex e-con-boxed e-con e-parent\" data-id=\"85acfb4\" data-element_type=\"container\" data-e-type=\"container\">\n\t\t\t\t\t<div class=\"e-con-inner\">\n\t\t\t\t<div class=\"elementor-element elementor-element-2ad5659 elementor-widget elementor-widget-heading\" data-id=\"2ad5659\" data-element_type=\"widget\" data-e-type=\"widget\" data-widget_type=\"heading.default\">\n\t\t\t\t\t<h5 class=\"elementor-heading-title elementor-size-default\">Portaria de Autoriza\u00e7\u00e3o de Cursos<\/h5>\t\t\t\t<\/div>\n\t\t\t\t<div class=\"elementor-element elementor-element-bc53aa6 elementor-tabs-view-horizontal elementor-widget elementor-widget-tabs\" data-id=\"bc53aa6\" data-element_type=\"widget\" data-e-type=\"widget\" data-widget_type=\"tabs.default\">\n\t\t\t\t\t\t\t<div class=\"elementor-tabs\">\n\t\t\t<div class=\"elementor-tabs-wrapper\" role=\"tablist\" >\n\t\t\t\t\t\t\t\t\t<div id=\"elementor-tab-title-1971\" class=\"elementor-tab-title elementor-tab-desktop-title\" aria-selected=\"true\" data-tab=\"1\" role=\"tab\" tabindex=\"0\" aria-controls=\"elementor-tab-content-1971\" aria-expanded=\"false\">Direito<\/div>\n\t\t\t\t\t\t\t\t\t<div id=\"elementor-tab-title-1972\" class=\"elementor-tab-title elementor-tab-desktop-title\" aria-selected=\"false\" data-tab=\"2\" role=\"tab\" tabindex=\"-1\" aria-controls=\"elementor-tab-content-1972\" aria-expanded=\"false\">Agroneg\u00f3cio<\/div>\n\t\t\t\t\t\t\t\t\t<div id=\"elementor-tab-title-1973\" class=\"elementor-tab-title elementor-tab-desktop-title\" aria-selected=\"false\" data-tab=\"3\" role=\"tab\" tabindex=\"-1\" aria-controls=\"elementor-tab-content-1973\" aria-expanded=\"false\">Administra\u00e7\u00e3o<\/div>\n\t\t\t\t\t\t\t<\/div>\n\t\t\t<div class=\"elementor-tabs-content-wrapper\" role=\"tablist\" aria-orientation=\"vertical\">\n\t\t\t\t\t\t\t\t\t<div class=\"elementor-tab-title elementor-tab-mobile-title\" aria-selected=\"true\" data-tab=\"1\" role=\"tab\" tabindex=\"0\" aria-controls=\"elementor-tab-content-1971\" aria-expanded=\"false\">Direito<\/div>\n\t\t\t\t\t<div id=\"elementor-tab-content-1971\" class=\"elementor-tab-content elementor-clearfix\" data-tab=\"1\" role=\"tabpanel\" aria-labelledby=\"elementor-tab-title-1971\" tabindex=\"0\" hidden=\"false\"><a href=\"https:\/\/unicentral.com.br\/new2024\/wp-content\/uploads\/2024\/04\/Portaria-de-Autorizacao-Direito-e-Agro-1.pdf\"><button>Portaria Direito<\/button><\/a><\/div>\n\t\t\t\t\t\t\t\t\t<div class=\"elementor-tab-title elementor-tab-mobile-title\" aria-selected=\"false\" data-tab=\"2\" role=\"tab\" tabindex=\"-1\" aria-controls=\"elementor-tab-content-1972\" aria-expanded=\"false\">Agroneg\u00f3cio<\/div>\n\t\t\t\t\t<div id=\"elementor-tab-content-1972\" class=\"elementor-tab-content elementor-clearfix\" data-tab=\"2\" role=\"tabpanel\" aria-labelledby=\"elementor-tab-title-1972\" tabindex=\"0\" hidden=\"hidden\"><a href=\"https:\/\/unicentral.com.br\/new2024\/wp-content\/uploads\/2024\/04\/Portaria-de-Autorizacao-Direito-e-Agro-1.pdf\"><button>Portaria Agroneg\u00f3cio<\/button><\/a><\/div>\n\t\t\t\t\t\t\t\t\t<div class=\"elementor-tab-title elementor-tab-mobile-title\" aria-selected=\"false\" data-tab=\"3\" role=\"tab\" tabindex=\"-1\" aria-controls=\"elementor-tab-content-1973\" aria-expanded=\"false\">Administra\u00e7\u00e3o<\/div>\n\t\t\t\t\t<div id=\"elementor-tab-content-1973\" class=\"elementor-tab-content elementor-clearfix\" data-tab=\"3\" role=\"tabpanel\" aria-labelledby=\"elementor-tab-title-1973\" tabindex=\"0\" hidden=\"hidden\"><a href=\"https:\/\/unicentral.com.br\/new2024\/wp-content\/uploads\/2024\/04\/Portaria-de-Autorizacao-Administracao-1.pdf\"><button>Portaria Administra\u00e7\u00e3o<\/button><\/a><\/div>\n\t\t\t\t\t\t\t<\/div>\n\t\t<\/div>\n\t\t\t\t\t\t<\/div>\n\t\t\t\t\t<\/div>\n\t\t\t\t<\/div>\n\t\t\t\t<\/div>\n\t\t","protected":false},"excerpt":{"rendered":"<p>Regimento Interno PDI Relat\u00f3rios CPA Requisitos Legais Manual Acad\u00eamico Produ\u00e7\u00e3o Acad\u00eamica Semin\u00e1rio Acad\u00eamico Regimento Interno Regimento Interno Unicentral PDI PDI Unicentral Relat\u00f3rios CPA COMISS\u00c3O PR\u00d3PRIA DE (AUTO) AVALIA\u00c7\u00c3O (CPA)\u00c0 Comiss\u00e3o Pr\u00f3pria de Avalia\u00e7\u00e3o (CPA) caber\u00e1 o assessoramento e acompanhamento da execu\u00e7\u00e3o da Pol\u00edtica de Avalia\u00e7\u00e3o Institucional. MISS\u00c3O DA CPA D FACULDADE UNICENTRALConduzir e monitorar o [&hellip;]<\/p>\n","protected":false},"author":1,"featured_media":0,"parent":0,"menu_order":0,"comment_status":"closed","ping_status":"closed","template":"","meta":{"footnotes":""},"class_list":["post-272","page","type-page","status-publish","hentry"],"_links":{"self":[{"href":"https:\/\/unicentral.com.br\/new2024\/wp-json\/wp\/v2\/pages\/272","targetHints":{"allow":["GET"]}}],"collection":[{"href":"https:\/\/unicentral.com.br\/new2024\/wp-json\/wp\/v2\/pages"}],"about":[{"href":"https:\/\/unicentral.com.br\/new2024\/wp-json\/wp\/v2\/types\/page"}],"author":[{"embeddable":true,"href":"https:\/\/unicentral.com.br\/new2024\/wp-json\/wp\/v2\/users\/1"}],"replies":[{"embeddable":true,"href":"https:\/\/unicentral.com.br\/new2024\/wp-json\/wp\/v2\/comments?post=272"}],"version-history":[{"count":61,"href":"https:\/\/unicentral.com.br\/new2024\/wp-json\/wp\/v2\/pages\/272\/revisions"}],"predecessor-version":[{"id":1217,"href":"https:\/\/unicentral.com.br\/new2024\/wp-json\/wp\/v2\/pages\/272\/revisions\/1217"}],"wp:attachment":[{"href":"https:\/\/unicentral.com.br\/new2024\/wp-json\/wp\/v2\/media?parent=272"}],"curies":[{"name":"wp","href":"https:\/\/api.w.org\/{rel}","templated":true}]}}